{"id":5958,"date":"2023-09-18T22:13:10","date_gmt":"2023-09-18T22:13:10","guid":{"rendered":"https:\/\/iwana.co\/?page_id=5958"},"modified":"2025-04-21T21:12:32","modified_gmt":"2025-04-21T21:12:32","slug":"about","status":"publish","type":"page","link":"https:\/\/iwana.co\/index.php\/about\/","title":{"rendered":"about"},"content":{"rendered":"\t\t<div data-elementor-type=\"wp-page\" data-elementor-id=\"5958\" class=\"elementor elementor-5958\" data-elementor-post-type=\"page\">\n\t\t\t\t\t\t<section class=\"elementor-section elementor-top-section elementor-element elementor-element-6641852 elementor-section-boxed elementor-section-height-default elementor-section-height-default\" data-id=\"6641852\" data-element_type=\"section\" data-e-type=\"section\">\n\t\t\t\t\t\t<div class=\"elementor-container elementor-column-gap-default\">\n\t\t\t\t\t<div class=\"elementor-column elementor-col-100 elementor-top-column elementor-element elementor-element-d54b50d\" data-id=\"d54b50d\" data-element_type=\"column\" data-e-type=\"column\">\n\t\t\t<div class=\"elementor-widget-wrap elementor-element-populated\">\n\t\t\t\t\t\t<div class=\"elementor-element elementor-element-7ff123a elementor-widget elementor-widget-image\" data-id=\"7ff123a\" data-element_type=\"widget\" data-e-type=\"widget\" data-widget_type=\"image.default\">\n\t\t\t\t<div class=\"elementor-widget-container\">\n\t\t\t\t\t\t\t\t\t\t\t\t\t\t\t<img fetchpriority=\"high\" decoding=\"async\" width=\"1275\" height=\"452\" src=\"https:\/\/iwana.co\/wp-content\/uploads\/2023\/03\/IMG-20220824-WA0014-e1678808939454.jpg\" class=\"attachment-1536x1536 size-1536x1536 wp-image-5583\" alt=\"\" srcset=\"https:\/\/iwana.co\/wp-content\/uploads\/2023\/03\/IMG-20220824-WA0014-e1678808939454.jpg 1275w, https:\/\/iwana.co\/wp-content\/uploads\/2023\/03\/IMG-20220824-WA0014-e1678808939454-300x106.jpg 300w, https:\/\/iwana.co\/wp-content\/uploads\/2023\/03\/IMG-20220824-WA0014-e1678808939454-1024x363.jpg 1024w, https:\/\/iwana.co\/wp-content\/uploads\/2023\/03\/IMG-20220824-WA0014-e1678808939454-768x272.jpg 768w\" sizes=\"(max-width: 1275px) 100vw, 1275px\" \/>\t\t\t\t\t\t\t\t\t\t\t\t\t\t\t<\/div>\n\t\t\t\t<\/div>\n\t\t\t\t\t<\/div>\n\t\t<\/div>\n\t\t\t\t\t<\/div>\n\t\t<\/section>\n\t\t\t\t<section class=\"elementor-section elementor-top-section elementor-element elementor-element-xphc1x7 elementor-section-boxed elementor-section-height-default elementor-section-height-default\" data-id=\"xphc1x7\" data-element_type=\"section\" data-e-type=\"section\" data-settings=\"{&quot;background_background&quot;:&quot;classic&quot;}\">\n\t\t\t\t\t\t<div class=\"elementor-container elementor-column-gap-default\">\n\t\t\t\t\t<div class=\"elementor-column elementor-col-100 elementor-top-column elementor-element elementor-element-f088365\" data-id=\"f088365\" data-element_type=\"column\" data-e-type=\"column\">\n\t\t\t<div class=\"elementor-widget-wrap elementor-element-populated\">\n\t\t\t\t\t\t<div class=\"elementor-element elementor-element-e7d1eaf elementor-widget elementor-widget-heading\" data-id=\"e7d1eaf\" data-element_type=\"widget\" data-e-type=\"widget\" data-widget_type=\"heading.default\">\n\t\t\t\t<div class=\"elementor-widget-container\">\n\t\t\t\t\t<h2 class=\"elementor-heading-title elementor-size-default\">Qui\u00e9nes Somos<\/h2>\t\t\t\t<\/div>\n\t\t\t\t<\/div>\n\t\t\t\t<div class=\"elementor-element elementor-element-01dd3f1 elementor-widget elementor-widget-text-editor\" data-id=\"01dd3f1\" data-element_type=\"widget\" data-e-type=\"widget\" data-widget_type=\"text-editor.default\">\n\t\t\t\t<div class=\"elementor-widget-container\">\n\t\t\t\t\t\t\t\t\t<p>En Iwana, estamos comprometidos con la excelencia en el mundo de las telecomunicaciones. Desde nuestra fundaci\u00f3n, hemos trabajado incansablemente para conectar a personas, empresas y comunidades a trav\u00e9s de soluciones de comunicaci\u00f3n innovadoras y confiables.<\/p><p>Nuestra visi\u00f3n es simple pero poderosa: queremos ser el puente que conecta a las personas, sin importar la distancia, y brindarles las herramientas necesarias para comunicarse de manera efectiva en un mundo cada vez m\u00e1s interconectado. En un panorama tecnol\u00f3gico en constante evoluci\u00f3n, estamos a la vanguardia de las \u00faltimas tendencias y avances, siempre listos para ofrecer servicios de telecomunicaciones de primera clase.<\/p>\t\t\t\t\t\t\t\t<\/div>\n\t\t\t\t<\/div>\n\t\t\t\t<div class=\"elementor-element elementor-element-3e79e6b elementor-widget elementor-widget-heading\" data-id=\"3e79e6b\" data-element_type=\"widget\" data-e-type=\"widget\" data-widget_type=\"heading.default\">\n\t\t\t\t<div class=\"elementor-widget-container\">\n\t\t\t\t\t<h2 class=\"elementor-heading-title elementor-size-default\">Lo que Hacemos<\/h2>\t\t\t\t<\/div>\n\t\t\t\t<\/div>\n\t\t\t\t<div class=\"elementor-element elementor-element-a7c7fe0 elementor-widget elementor-widget-text-editor\" data-id=\"a7c7fe0\" data-element_type=\"widget\" data-e-type=\"widget\" data-widget_type=\"text-editor.default\">\n\t\t\t\t<div class=\"elementor-widget-container\">\n\t\t\t\t\t\t\t\t\t<p>Ofrecemos una amplia gama de servicios de telecomunicaciones dise\u00f1ados para satisfacer las necesidades de individuos y empresas por igual. Nuestros servicios incluyen:<\/p><ul><li>Conexiones de banda ancha ultrarr\u00e1pidas para hogares y empresas.<\/li><li>Soluciones de telefon\u00eda fija de alta calidad.<\/li><li>Servicios de transmisi\u00f3n de datos y video en tiempo real.<\/li><li>Soporte t\u00e9cnico confiable y atenci\u00f3n al cliente excepcional<\/li><\/ul>\t\t\t\t\t\t\t\t<\/div>\n\t\t\t\t<\/div>\n\t\t\t\t<div class=\"elementor-element elementor-element-6f2d07a elementor-widget elementor-widget-heading\" data-id=\"6f2d07a\" data-element_type=\"widget\" data-e-type=\"widget\" data-widget_type=\"heading.default\">\n\t\t\t\t<div class=\"elementor-widget-container\">\n\t\t\t\t\t<h2 class=\"elementor-heading-title elementor-size-default\">Nuestro Compromiso<\/h2>\t\t\t\t<\/div>\n\t\t\t\t<\/div>\n\t\t\t\t<div class=\"elementor-element elementor-element-09b4c13 elementor-widget elementor-widget-text-editor\" data-id=\"09b4c13\" data-element_type=\"widget\" data-e-type=\"widget\" data-widget_type=\"text-editor.default\">\n\t\t\t\t<div class=\"elementor-widget-container\">\n\t\t\t\t\t\t\t\t\t<p>Nuestros clientes son nuestra principal prioridad. Nos enorgullece proporcionar un servicio al cliente excepcional y un soporte t\u00e9cnico de primer nivel. Nos esforzamos por escuchar a nuestros clientes, comprender sus necesidades y ofrecer soluciones que mejoren su vida y sus negocios.<\/p><p>Gracias por confiar en Iwana como su proveedor de telecomunicaciones. Estamos emocionados de ser su socio en la era de la comunicaci\u00f3n moderna.<\/p><p>Para obtener m\u00e1s informaci\u00f3n sobre nuestros servicios y c\u00f3mo podemos ayudarle, no dude en ponerse en contacto con nosotros. Estamos aqu\u00ed para conectarlo con el mundo.<\/p>\t\t\t\t\t\t\t\t<\/div>\n\t\t\t\t<\/div>\n\t\t\t\t\t<\/div>\n\t\t<\/div>\n\t\t\t\t\t<\/div>\n\t\t<\/section>\n\t\t\t\t<section class=\"elementor-section elementor-top-section elementor-element elementor-element-fa8b5f1 elementor-section-boxed elementor-section-height-default elementor-section-height-default\" data-id=\"fa8b5f1\" data-element_type=\"section\" data-e-type=\"section\">\n\t\t\t\t\t\t<div class=\"elementor-container elementor-column-gap-default\">\n\t\t\t\t\t<div class=\"elementor-column elementor-col-100 elementor-top-column elementor-element elementor-element-b6da64c\" data-id=\"b6da64c\" data-element_type=\"column\" data-e-type=\"column\">\n\t\t\t<div class=\"elementor-widget-wrap elementor-element-populated\">\n\t\t\t\t\t\t<div class=\"elementor-element elementor-element-6b5aa56 elementor-view-default elementor-widget elementor-widget-icon\" data-id=\"6b5aa56\" data-element_type=\"widget\" data-e-type=\"widget\" data-widget_type=\"icon.default\">\n\t\t\t\t<div class=\"elementor-widget-container\">\n\t\t\t\t\t\t\t<div class=\"elementor-icon-wrapper\">\n\t\t\t<a class=\"elementor-icon\" href=\"https:\/\/iwanaco-my.sharepoint.com\/:u:\/g\/personal\/sley_iwana_co\/ERdHVtErfIBHiG4Y6t6oy3YB7OmK4FAUkbAJ-WjJmq8DGQ?e=71rd8S\">\n\t\t\t<i aria-hidden=\"true\" class=\"fas fa-star\"><\/i>\t\t\t<\/a>\n\t\t<\/div>\n\t\t\t\t\t\t<\/div>\n\t\t\t\t<\/div>\n\t\t\t\t\t<\/div>\n\t\t<\/div>\n\t\t\t\t\t<\/div>\n\t\t<\/section>\n\t\t\t\t<\/div>\n\t\t","protected":false},"excerpt":{"rendered":"<p>Qui\u00e9nes Somos En Iwana, estamos comprometidos con la excelencia en el mundo de las telecomunicaciones. Desde nuestra fundaci\u00f3n, hemos trabajado incansablemente para conectar a personas, empresas y comunidades a trav\u00e9s de soluciones de comunicaci\u00f3n innovadoras y confiables. Nuestra visi\u00f3n es simple pero poderosa: queremos ser el puente que conecta a las personas, sin importar la [&hellip;]<\/p>\n","protected":false},"author":1,"featured_media":0,"parent":0,"menu_order":0,"comment_status":"closed","ping_status":"closed","template":"elementor_header_footer","meta":{"site-sidebar-layout":"no-sidebar","site-content-layout":"page-builder","ast-site-content-layout":"full-width-container","site-content-style":"default","site-sidebar-style":"default","ast-global-header-display":"","ast-banner-title-visibility":"","ast-main-header-display":"","ast-hfb-above-header-display":"","ast-hfb-below-header-display":"","ast-hfb-mobile-header-display":"","site-post-title":"disabled","ast-breadcrumbs-content":"","ast-featured-img":"disabled","footer-sml-layout":"","ast-disable-related-posts":"","theme-transparent-header-meta":"","adv-header-id-meta":"","stick-header-meta":"","header-above-stick-meta":"","header-main-stick-meta":"","header-below-stick-meta":"","astra-migrate-meta-layouts":"set","ast-page-background-enabled":"default","ast-page-background-meta":{"desktop":{"background-color":"","background-image":"","background-repeat":"repeat","background-position":"center center","background-size":"auto","background-attachment":"scroll","background-type":"","background-media":"","overlay-type":"","overlay-color":"","overlay-opacity":"","overlay-gradient":""},"tablet":{"background-color":"","background-image":"","background-repeat":"repeat","background-position":"center center","background-size":"auto","background-attachment":"scroll","background-type":"","background-media":"","overlay-type":"","overlay-color":"","overlay-opacity":"","overlay-gradient":""},"mobile":{"background-color":"","background-image":"","background-repeat":"repeat","background-position":"center center","background-size":"auto","background-attachment":"scroll","background-type":"","background-media":"","overlay-type":"","overlay-color":"","overlay-opacity":"","overlay-gradient":""}},"ast-content-background-meta":{"desktop":{"background-color":"var(--ast-global-color-5)","background-image":"","background-repeat":"repeat","background-position":"center center","background-size":"auto","background-attachment":"scroll","background-type":"","background-media":"","overlay-type":"","overlay-color":"","overlay-opacity":"","overlay-gradient":""},"tablet":{"background-color":"var(--ast-global-color-5)","background-image":"","background-repeat":"repeat","background-position":"center center","background-size":"auto","background-attachment":"scroll","background-type":"","background-media":"","overlay-type":"","overlay-color":"","overlay-opacity":"","overlay-gradient":""},"mobile":{"background-color":"var(--ast-global-color-5)","background-image":"","background-repeat":"repeat","background-position":"center center","background-size":"auto","background-attachment":"scroll","background-type":"","background-media":"","overlay-type":"","overlay-color":"","overlay-opacity":"","overlay-gradient":""}},"footnotes":""},"class_list":["post-5958","page","type-page","status-publish","hentry"],"_links":{"self":[{"href":"https:\/\/iwana.co\/index.php\/wp-json\/wp\/v2\/pages\/5958","targetHints":{"allow":["GET"]}}],"collection":[{"href":"https:\/\/iwana.co\/index.php\/wp-json\/wp\/v2\/pages"}],"about":[{"href":"https:\/\/iwana.co\/index.php\/wp-json\/wp\/v2\/types\/page"}],"author":[{"embeddable":true,"href":"https:\/\/iwana.co\/index.php\/wp-json\/wp\/v2\/users\/1"}],"replies":[{"embeddable":true,"href":"https:\/\/iwana.co\/index.php\/wp-json\/wp\/v2\/comments?post=5958"}],"version-history":[{"count":41,"href":"https:\/\/iwana.co\/index.php\/wp-json\/wp\/v2\/pages\/5958\/revisions"}],"predecessor-version":[{"id":6345,"href":"https:\/\/iwana.co\/index.php\/wp-json\/wp\/v2\/pages\/5958\/revisions\/6345"}],"wp:attachment":[{"href":"https:\/\/iwana.co\/index.php\/wp-json\/wp\/v2\/media?parent=5958"}],"curies":[{"name":"wp","href":"https:\/\/api.w.org\/{rel}","templated":true}]}}